{"id":3124,"date":"2022-06-22T14:03:44","date_gmt":"2022-06-22T12:03:44","guid":{"rendered":"https:\/\/dnatest.sk\/?post_type=product&#038;p=3124"},"modified":"2022-06-22T14:04:40","modified_gmt":"2022-06-22T12:04:40","slug":"dna-test-otcovstva-legal","status":"publish","type":"product","link":"https:\/\/dnatest.sk\/hu\/product\/dna-test-otcovstva-legal\/","title":{"rendered":"DNS apas\u00e1gi tesz LEGAL"},"content":{"rendered":"<p>Munkahely\u00fcnk\u00f6n a Szlov\u00e1k K\u00f6zt\u00e1rsas\u00e1g Igazs\u00e1g\u00fcgyi Miniszt\u00e9riuma \u00e1ltal kinevezett,\u00a0<strong>genetikai DNS-elemz\u00e9si \u00e1gb\u00f3l egy igazs\u00e1g\u00fcgyi szak\u00e9rt\u0151 dolgozik<\/strong>:\u00a0<strong>Mgr. Marian Baldovi\u010d, PhD.<\/strong><\/p>\n<p>Nemcsak a b\u00edr\u00f3s\u00e1g, hanem\u00a0<strong>mag\u00e1nszem\u00e9lyek\u00a0<\/strong>is k\u00e9rhetik igazs\u00e1g\u00fcgyi szak\u00e9rt\u0151i v\u00e9lem\u00e9ny elk\u00e9sz\u00edt\u00e9s\u00e9t, amelynek eredm\u00e9ny\u00e9t b\u00edr\u00f3s\u00e1g vagy m\u00e1s \u00e1llami hat\u00f3s\u00e1g el\u0151tt is alkalmazni lehet. Mindazon\u00e1ltal minden r\u00e9sztvev\u0151nek bele kell egyeznie a szak\u00e9rt\u0151i bizony\u00edt\u00e1s elv\u00e9gz\u00e9s\u00e9be.<\/p>\n<p>A mintav\u00e9telt (t\u00f6rlet a sz\u00e1j\u00fcreg ny\u00e1lkah\u00e1rty\u00e1j\u00e1r\u00f3l) az igazs\u00e1g\u00fcgyi szak\u00e9rt\u0151nek szem\u00e9lyesen kell elv\u00e9geznie, \u00edgy a mintav\u00e9tel id\u0151pontj\u00e1t \u00e9s hely\u00e9t vele kell egyeztetni. Pozsonyon k\u00edv\u00fcl azonban csak kiv\u00e9telesen v\u00e9gz\u00fcnk mintav\u00e9telt.<\/p>\n<p>Igazs\u00e1g\u00fcgyi szak\u00e9rt\u0151i v\u00e9lem\u00e9ny elk\u00e9sz\u00edt\u00e9s\u00e9t k\u00f6zvetlen\u00fcl az igazs\u00e1g\u00fcgyi szak\u00e9rt\u0151nkn\u00e9l rendeljen, telefonon vagy e-mailben:<\/p>\n<p><strong>Mgr.\u00a0Marian Baldovi\u010d, PhD.<\/strong><\/p>\n<p>Telefon: 0907 596 515<br \/>\nE-mail: baldovic@ghc.sk<\/p>","protected":false},"excerpt":{"rendered":"<p><strong>\u2022 Igazs\u00e1g\u00fcgyi szak\u00e9rt\u0151i v\u00e9lem\u00e9ny, melynek eredm\u00e9nye b\u00edr\u00f3s\u00e1g vagy m\u00e1s \u00e1llami hat\u00f3s\u00e1g el\u0151tt alkalmazhat\u00f3<\/strong><br \/>\n<strong>\u2022 Minden r\u00e9sztvev\u0151nek bele kell egyeznie a szak\u00e9rt\u0151i kivizsg\u00e1lasok v\u00e9grehajt\u00e1s\u00e1ba (f\u00e9rfi, anya, gyermek)<\/strong><br \/>\n<strong>\u2022 A t\u00f6rletet a sz\u00e1j\u00fcreg ny\u00e1lkah\u00e1rty\u00e1j\u00e1r\u00f3l az igazs\u00e1g\u00fcgyi szak\u00e9rt\u0151nek kell szem\u00e9lyesen vennie, \u00e9s egyben a tesztalanyok szem\u00e9lyazonoss\u00e1g\u00e1t is ellen\u0151riznie, hogy a teszt a b\u00edr\u00f3s\u00e1gon meg \u00e1llja a hely\u00e9t<\/strong><br \/>\n<strong>\u2022 Munkahely\u00fcnk\u00f6n a Szlov\u00e1k K\u00f6zt\u00e1rsas\u00e1g Igazs\u00e1g\u00fcgyi Miniszt\u00e9riuma \u00e1ltal megb\u00edzott, genetikai, DNS-elemz\u00e9si \u00e1gb\u00f3l sz\u00e1rmaz\u00f3 igazs\u00e1g\u00fcgyi szak\u00e9rt\u0151 v\u00e9gez igazs\u00e1g\u00fcgyi szak\u00e9rt\u0151i munk\u00e1t<\/strong><br \/>\n<strong>\u2022 Ez esettel kapcsolatban sz\u00fcks\u00e9g van konzult\u00e1ci\u00f3ra, valamint a mintav\u00e9tel id\u0151pontj\u00e1nak \u00e9s hely\u00e9nek val\u00f3 egyeztet\u00e9s\u00e9re az igazs\u00e1g\u00fcgyi szak\u00e9rt\u0151nkkel<\/strong><\/p>\n<p><strong>L\u00e9pjen kapcsolatba k\u00f6zvetlen\u00fcl igazs\u00e1g\u00fcgyi szak\u00e9rt\u0151nkkel:<\/strong><\/p>\n<p><strong>Mgr.\u00a0Marian Baldovi\u010d, PhD.<\/strong><\/p>\n<p>Telefon: 0907 596 515<br \/>\nE-mail: baldovic@ghc.sk<\/p>","protected":false},"featured_media":2213,"template":"","meta":{"inline_featured_image":false},"product_cat":[41],"product_tag":[],"class_list":{"0":"post-3124","1":"product","2":"type-product","3":"status-publish","4":"has-post-thumbnail","6":"product_cat-nezaradene","9":"instock","10":"taxable","11":"shipping-taxable","12":"product-type-simple"},"_links":{"self":[{"href":"https:\/\/dnatest.sk\/hu\/wp-json\/wp\/v2\/product\/3124","targetHints":{"allow":["GET"]}}],"collection":[{"href":"https:\/\/dnatest.sk\/hu\/wp-json\/wp\/v2\/product"}],"about":[{"href":"https:\/\/dnatest.sk\/hu\/wp-json\/wp\/v2\/types\/product"}],"wp:featuredmedia":[{"embeddable":true,"href":"https:\/\/dnatest.sk\/hu\/wp-json\/wp\/v2\/media\/2213"}],"wp:attachment":[{"href":"https:\/\/dnatest.sk\/hu\/wp-json\/wp\/v2\/media?parent=3124"}],"wp:term":[{"taxonomy":"product_cat","embeddable":true,"href":"https:\/\/dnatest.sk\/hu\/wp-json\/wp\/v2\/product_cat?post=3124"},{"taxonomy":"product_tag","embeddable":true,"href":"https:\/\/dnatest.sk\/hu\/wp-json\/wp\/v2\/product_tag?post=3124"}],"curies":[{"name":"wp","href":"https:\/\/api.w.org\/{rel}","templated":true}]}}