{"id":2450,"date":"2021-11-17T19:32:41","date_gmt":"2021-11-17T18:32:41","guid":{"rendered":"https:\/\/dnatest.sk\/?post_type=product&#038;p=2450"},"modified":"2026-02-04T09:26:32","modified_gmt":"2026-02-04T08:26:32","slug":"dna-test-identity-dna-profil-plus","status":"publish","type":"product","link":"https:\/\/dnatest.sk\/hu\/product\/dna-test-identity-dna-profil-plus\/","title":{"rendered":"Azonos\u00edt\u00e1sra szolg\u00e1l\u00f3 DNS-tesztek \u2013 DNS PROFIL PLUS"},"content":{"rendered":"<p>Ur\u010denie individu\u00e1lneho profilu DNA testovanej osoby a pr\u00edpadn\u00e9 porovnanie ak sa jedn\u00e1 o viac \u00fa\u010dastn\u00edkov testu<\/p>","protected":false},"excerpt":{"rendered":"<p><strong>Individu\u00e1lny DNA profil<\/strong><br \/>\n<strong>\u2022 Roz\u0161\u00edren\u00fd set 22 vy\u0161etrovan\u00fdch markerov STR<\/strong><br \/>\n<strong>\u2022 Komplexn\u00e1 v\u00fdsledkov\u00e1 spr\u00e1va s DNA profilom testovanej osoby<\/strong><br \/>\n<strong>\u2022 Zah\u0155\u0148a DNA anal\u00fdzu 1 vzorky<\/strong><br \/>\n<strong>\u2022 V\u00fdsledky testu v elektronickej forme\u00a0odosielame do 5 pracovn\u00fdch dn\u00ed od doru\u010denia vzoriek<\/strong><\/p>","protected":false},"featured_media":2449,"template":"","meta":{"inline_featured_image":false},"product_cat":[41],"product_tag":[],"class_list":{"0":"post-2450","1":"product","2":"type-product","3":"status-publish","4":"has-post-thumbnail","6":"product_cat-nezaradene","9":"instock","10":"taxable","11":"shipping-taxable","12":"purchasable","13":"product-type-simple"},"_links":{"self":[{"href":"https:\/\/dnatest.sk\/hu\/wp-json\/wp\/v2\/product\/2450","targetHints":{"allow":["GET"]}}],"collection":[{"href":"https:\/\/dnatest.sk\/hu\/wp-json\/wp\/v2\/product"}],"about":[{"href":"https:\/\/dnatest.sk\/hu\/wp-json\/wp\/v2\/types\/product"}],"wp:featuredmedia":[{"embeddable":true,"href":"https:\/\/dnatest.sk\/hu\/wp-json\/wp\/v2\/media\/2449"}],"wp:attachment":[{"href":"https:\/\/dnatest.sk\/hu\/wp-json\/wp\/v2\/media?parent=2450"}],"wp:term":[{"taxonomy":"product_cat","embeddable":true,"href":"https:\/\/dnatest.sk\/hu\/wp-json\/wp\/v2\/product_cat?post=2450"},{"taxonomy":"product_tag","embeddable":true,"href":"https:\/\/dnatest.sk\/hu\/wp-json\/wp\/v2\/product_tag?post=2450"}],"curies":[{"name":"wp","href":"https:\/\/api.w.org\/{rel}","templated":true}]}}