{"id":2446,"date":"2021-11-17T19:27:43","date_gmt":"2021-11-17T18:27:43","guid":{"rendered":"https:\/\/dnatest.sk\/?post_type=product&#038;p=2446"},"modified":"2026-02-04T09:27:21","modified_gmt":"2026-02-04T08:27:21","slug":"dna-test-dvojciat-twin","status":"publish","type":"product","link":"https:\/\/dnatest.sk\/hu\/product\/dna-test-dvojciat-twin\/","title":{"rendered":"Ikrek DNS-tesztje \u2013 TWIN"},"content":{"rendered":"<p class=\" translation-block\">Az ikrek egypet\u00e9j\u0171s\u00e9g\u00e9nek vizsg\u00e1lat\u00e1ra vonatkoz\u00f3 DNS-tesztben 15 DNS-szakaszt, \u00fagynevezett STR (short tandem repeats) t\u00edpus\u00fa markert vizsg\u00e1lunk, valamint egy m\u00e1sik szakaszt a minta nem\u00e9nek meghat\u00e1roz\u00e1s\u00e1ra. A teszt megb\u00edzhat\u00f3an meghat\u00e1rozza, hogy az ikrek egypet\u00e9j\u0171ek (monozig\u00f3ta) vagy k\u00e9tpet\u00e9j\u0171ek-e (dizig\u00f3ta).<\/p>","protected":false},"excerpt":{"rendered":"<p class=\" translation-block\"><strong>\u2022 TWIN ZIG\u00d3TA TESZT<br>\n\u2022 A DNS-teszt lehet\u0151v\u00e9 teszi annak egy\u00e9rtelm\u0171 meghat\u00e1roz\u00e1s\u00e1t, hogy az ikrek egypet\u00e9j\u0171ek (monozig\u00f3ta) vagy k\u00e9tpet\u00e9j\u0171ek-e (dizig\u00f3ta)<br>\n\u2022 Az ikrek b\u00e1rmely \u00e9letkor\u00e1ban elv\u00e9gezhet\u0151<br>\n\u2022 \u00c1tfog\u00f3 eredm\u00e9ny a tesztalanyok DNS-profiljait bele\u00e9rtve<br>\n\u2022 2 minta DNS-elemz\u00e9s\u00e9t tartalmazza<br>\n\u2022 A vizsg\u00e1lati eredm\u00e9nyeket z\u00e1r\u00f3jelent\u00e9sben \u00f6sszefoglalva a mint\u00e1k be\u00e9rkez\u00e9s\u00e9t\u0151l sz\u00e1m\u00edtott 5 munkanapon bel\u00fcl elektronikus form\u00e1ban k\u00fcldj\u00fck el a megrendel\u0151nek\n<\/strong><\/p>","protected":false},"featured_media":2447,"template":"","meta":{"inline_featured_image":false},"product_cat":[41],"product_tag":[],"class_list":{"0":"post-2446","1":"product","2":"type-product","3":"status-publish","4":"has-post-thumbnail","6":"product_cat-nezaradene","9":"instock","10":"taxable","11":"shipping-taxable","12":"purchasable","13":"product-type-simple"},"_links":{"self":[{"href":"https:\/\/dnatest.sk\/hu\/wp-json\/wp\/v2\/product\/2446","targetHints":{"allow":["GET"]}}],"collection":[{"href":"https:\/\/dnatest.sk\/hu\/wp-json\/wp\/v2\/product"}],"about":[{"href":"https:\/\/dnatest.sk\/hu\/wp-json\/wp\/v2\/types\/product"}],"wp:featuredmedia":[{"embeddable":true,"href":"https:\/\/dnatest.sk\/hu\/wp-json\/wp\/v2\/media\/2447"}],"wp:attachment":[{"href":"https:\/\/dnatest.sk\/hu\/wp-json\/wp\/v2\/media?parent=2446"}],"wp:term":[{"taxonomy":"product_cat","embeddable":true,"href":"https:\/\/dnatest.sk\/hu\/wp-json\/wp\/v2\/product_cat?post=2446"},{"taxonomy":"product_tag","embeddable":true,"href":"https:\/\/dnatest.sk\/hu\/wp-json\/wp\/v2\/product_tag?post=2446"}],"curies":[{"name":"wp","href":"https:\/\/api.w.org\/{rel}","templated":true}]}}