{"id":2438,"date":"2021-11-17T19:18:52","date_gmt":"2021-11-17T18:18:52","guid":{"rendered":"https:\/\/dnatest.sk\/?post_type=product&#038;p=2438"},"modified":"2026-02-04T09:27:53","modified_gmt":"2026-02-04T08:27:53","slug":"dna-test-otcovstva-extra-plus","status":"publish","type":"product","link":"https:\/\/dnatest.sk\/hu\/product\/dna-test-otcovstva-extra-plus\/","title":{"rendered":"DNS apas\u00e1gi teszt - EXTRA PLUS"},"content":{"rendered":"<h4><strong><u>1. Detailn\u00e9 inform\u00e1cie o DNA teste (princ\u00edp testu)<\/u><\/strong><\/h4>\n<p class=\" translation-block\"><strong>Test otcovstva<\/strong> je zalo\u017een\u00fd na anal\u00fdze \u013eudsk\u00e9ho genetick\u00e9ho materi\u00e1lu, kyseliny deoxyribonukleovej (DNA). DNA je line\u00e1rna molekula, nach\u00e1dzaj\u00faca sa v&nbsp;jadr\u00e1ch buniek, v ktorej vy\u0161etrujeme \u00faseky, naz\u00fdvan\u00e9 syst\u00e9my alebo&nbsp;<strong>markery typu STR<\/strong>. Tie maj\u00fa u r\u00f4znych jedincov rozli\u010dn\u00fa d\u013a\u017eku. D\u013a\u017eka \u00faseku sa ozna\u010duje ako alela a vyjadruje sa \u010d\u00edslom. Ka\u017ed\u00fd jedinec m\u00e1 dve alely dan\u00e9ho syst\u00e9mu, pri\u010dom die\u0165a v\u017edy zded\u00ed jednu z nich od matky a druh\u00fa od otca. V ka\u017edom syst\u00e9me teda die\u0165a mus\u00ed ma\u0165 jednu alelu rovnak\u00fa, ako jeho biologick\u00fd otec. Pri tomto teste&nbsp;<strong>vy\u0161etrujeme roz\u0161\u00edren\u00fd set&nbsp;22&nbsp;markerov typu STR,<\/strong>&nbsp;plus jeden \u010fal\u0161\u00ed \u00fasek, ktor\u00fdm sa ur\u010d\u00ed genetick\u00e9 pohlavie p\u00f4vodcu vzorky.<\/p>\n<p class=\" translation-block\">Na vykonanie testu otcovstva sa odoberaj\u00fa <strong>vzorky od die\u0165a\u0165a aj \u00fadajn\u00e9ho otca<\/strong> prostredn\u00edctvom buk\u00e1lneho steru (v\u00fdter z&nbsp;\u00fastnej dutiny) na odberov\u00fa s\u00fapravu (1 pre testovan\u00e9ho mu\u017ea a&nbsp;1 pre testovan\u00e9 die\u0165a), ktor\u00fa v\u00e1m za\u0161leme, alebo pomocou ne\u0161tandardn\u00e9ho materi\u00e1lu.<\/p>\n<p>Ak chcete naraz testova\u0165 viac os\u00f4b (det\u00ed, potenci\u00e1lnych otcov, alebo prida\u0165 matku), je mo\u017en\u00e9 za pr\u00edplatok prida\u0165 v\u00a0objedn\u00e1vke \u010fal\u0161ie testovan\u00e9 osoby.<\/p>\n<p>Odobrat\u00e9 vzorky pozost\u00e1vaj\u00fa z\u00a0epitelov\u00fdch buniek, ktor\u00e9 obsahuj\u00fa DNA (deoxyribonukleov\u00fa kyselinu). V\u00a0na\u0161om akreditovanom genetickom laborat\u00f3riu sa n\u00e1sledne z\u00a0buniek extrahuje DNA, ktor\u00e1 je podroben\u00e1 d\u00f4kladnej a presnej anal\u00fdze, najmodernej\u0161\u00edmi met\u00f3dami. Z\u00edskan\u00fd DNA profil die\u0165a\u0165a je n\u00e1sledne porovnan\u00fd s\u00a0DNA profilom \u00fadajn\u00e9ho otca a\u00a0\u0161tatisticky vyhodnoten\u00fd. Ke\u010f\u017ee ka\u017ed\u00e9 die\u0165a zded\u00ed svoju genetick\u00fa inform\u00e1ciu od oboch svojich biologick\u00fdch rodi\u010dov, sk\u00famanie DNA testovan\u00fdch os\u00f4b presne ur\u010d\u00ed pravdepodobnos\u0165, \u010di \u00fadajn\u00fd otec je biologick\u00fdm otcom die\u0165a\u0165a (viac ako 99,99 %) alebo 0% (v pr\u00edpade vyl\u00fa\u010denia).<\/p>\n<p class=\" translation-block\"><strong>V\u00fdsledkom DNA testu<\/strong> je <strong>komplexn\u00e1 v\u00fdsledkov\u00e1 spr\u00e1va<\/strong>, obsahuj\u00faca <strong>DNA profily<\/strong> testovan\u00fdch os\u00f4b, ktor\u00e1 otcovstvo bu\u010f<strong> jednozna\u010dne vyl\u00fa\u010di <\/strong>alebo ozna\u010d\u00ed za<strong> prakticky dok\u00e1zan\u00e9. <\/strong>Uveden\u00e9 DNA profily (t.j. v\u00fdsledky anal\u00fdzy v jednotliv\u00fdch vy\u0161etren\u00fdch syst\u00e9moch) umo\u017e\u0148uj\u00fa porovnanie s in\u00fdmi v\u00fdsledkami (overenie identity).<\/p>\n<h4><strong><u>2. Pre koho je vhodn\u00fd tento test<\/u><\/strong><\/h4>\n<p>Je vhodn\u00fd pre v\u0161etk\u00fdch, ktor\u00ed maj\u00fa osobn\u00e9 pochybnosti alebo ot\u00e1zky o biologickom rodi\u010dovstve k\u00a0dan\u00e9mu die\u0165a\u0165u a\u00a0chc\u00fa si biologick\u00fd vz\u0165ah najprv overi\u0165.<br \/>\nTaktie\u017e je vhodn\u00fd v\u00a0situ\u00e1cii, kedy potrebujete overi\u0165 v\u00fdsledky predch\u00e1dzaj\u00facich DNA testov, nako\u013eko obsahuje aj DNA profily testovan\u00fdch os\u00f4b.<br \/>\nDNA test EXTRA PLUS je mimoriadne vhodn\u00fd aj v situ\u00e1ci\u00e1ch, kedy je potrebn\u00e1 vysok\u00e1 senzitivita a spo\u013eahliv\u00e9 odl\u00ed\u0161enie sporn\u00e9ho otcovstva vz\u00e1jomne bl\u00edzko pr\u00edbuzn\u00fdch mu\u017eov, teda ke\u010f ako mo\u017en\u00ed otcovia testovan\u00e9ho die\u0165a\u0165a pripadaj\u00fa do \u00favahy vz\u00e1jomn\u00ed bl\u00edzki pr\u00edbuzn\u00ed (bratia, bratranci, otec-syn a pod.), alebo ke\u010f matka die\u0165a\u0165a a \u00fadajn\u00fd otec s\u00fa vz\u00e1jomne bl\u00edzki pr\u00edbuzn\u00ed a pod.<\/p>\n<h4><strong><u>3. Ako mi pom\u00f4\u017ee v\u00fdsledok DNA testu, \u010do sa dozviem<\/u><\/strong><\/h4>\n<p class=\" translation-block\"><strong>Potvrdenie alebo vyl\u00fa\u010denie otcovstva:<\/strong> Prim\u00e1rnym v\u00fdsledkom testu je ur\u010denie, \u010di je testovan\u00fd mu\u017e biologick\u00fdm otcom die\u0165a\u0165a. V\u00fdsledok sa zvy\u010dajne uv\u00e1dza bu\u010f ako pravdepodobnos\u0165 otcovstva (napr. 99,9 % alebo vy\u0161\u0161ia na dok\u00e1zanie otcovstva) alebo vyl\u00fa\u010denie otcovstva (pravdepodobnos\u0165 0 %).<\/p>\n<p class=\" translation-block\"><strong>DNA profily testovan\u00fdch os\u00f4b<\/strong>: S\u00fa\u010das\u0165ou v\u00fdsledku s\u00fa aj DNA profily testovan\u00fdch os\u00f4b. Uveden\u00e9 DNA profily vo v\u00fdsledkovej spr\u00e1ve (t.j. v\u00fdsledky anal\u00fdzy v&nbsp;jednotliv\u00fdch vy\u0161etren\u00fdch syst\u00e9moch pre jednotliv\u00e9 testovan\u00e9 osoby) umo\u017e\u0148uj\u00fa porovnanie s&nbsp;in\u00fdmi v\u00fdsledkami (overenie identity). V&nbsp;pr\u00edpade DNA testu EXTRA PLUS je panel vy\u0161etren\u00fdch syst\u00e9mov mimoriadne \u0161irok\u00fd, \u010do zabezpe\u010duje ve\u013ek\u00fd prekryv markerov vy\u0161etrovan\u00fdch na in\u00fdch pracovisk\u00e1ch prakticky po celom svete pre tieto \u00fa\u010dely (mo\u017enos\u0165 kontroly DNA profilu alebo vyhodnotenia DNA testu otcovstva aj ke\u010f je ka\u017ed\u00e1 z&nbsp;testovan\u00fdch os\u00f4b vy\u0161etrovan\u00e1 na inom pracovisku).<\/p>\n<h4><strong><u>4. Doru\u010denie odberovej s\u00fapravy<\/u><\/strong><\/h4>\n<p>Ako mo\u017enos\u0165 doru\u010denia odberovej s\u00fapravy si m\u00f4\u017eete zvoli\u0165 z\u00a0nasledovn\u00fdch:<\/p>\n<ul>\n<li class=\" translation-block\"><strong>Slovensk\u00e1 po\u0161ta<\/strong> \u2013 doporu\u010dene do vlastn\u00fdch r\u00fak. Z\u00e1sielka v\u00e1m pr\u00edde o&nbsp;2 \u2013 4 pracovn\u00e9 dni odo d\u0148a objedn\u00e1vky.<\/li>\n<li class=\" translation-block\"><strong>Kuri\u00e9r DPD<\/strong> \u2013 doru\u010denie kuri\u00e9rom na vami uveden\u00fa adresu. Z\u00e1sielka je be\u017ene doru\u010den\u00e1 o&nbsp;1 \u2013 2 pracovn\u00e9 dni odo d\u0148a objedn\u00e1vky.<\/li>\n<li class=\" translation-block\"><strong>Odbern\u00e9 miesto DPD<\/strong> \u2013 doru\u010denie do odbern\u00fdch miest DPD. Z\u00e1sielka je be\u017ene doru\u010den\u00e1 o&nbsp;1 \u2013 2 pracovn\u00e9 dni odo d\u0148a objedn\u00e1vky. Zoznam odbern\u00fdch miest n\u00e1jdete tu: <a href=\"https:\/\/www.dpdgroup.com\/sk\/mydpd\/parcel-shops\" target=\"_blank\" rel=\"noopener\">https:\/\/www.dpdgroup.com\/<\/a><\/li>\n<li class=\" translation-block\"><strong>Osobn\u00e9 vyzdvihnutie<\/strong> \u2013 odberov\u00fa s\u00fapravu si m\u00f4\u017eete osobne vyzdvihn\u00fa\u0165 u n\u00e1s v laborat\u00f3riu: GHC GENETICS SK, Ilkovi\u010dova 8, 841 04 Bratislava, v pracovn\u00e9 dni od 9:00 \u2013 16:30.<\/li>\n<\/ul>\n<h4><strong><u>5. Platobn\u00e9 mo\u017enosti<\/u><\/strong><\/h4>\n<p>DNA test m\u00f4\u017eete zaplati\u0165 t\u00fdmito sp\u00f4sobmi:<\/p>\n<ul>\n<li class=\" translation-block\"><strong>Online platba kartou<\/strong> \u2013 ak zvol\u00edte t\u00fato mo\u017enos\u0165, po dokon\u010den\u00ed objedn\u00e1vky budete ihne\u010f presmerovan\u00fd na platobn\u00fa br\u00e1nu Tatra Banky \u2013 CardPay, kde zrealizujete platbu kartou. Akceptovan\u00e9 s\u00fa platobn\u00e9 karty VISA, VISA Electron, MasterCard, Maestro. Taktie\u017e je mo\u017enos\u0165 realizova\u0165 platbu pomocou Apple Pay, alebo Google Pay. Po \u00faspe\u0161om dokon\u010den\u00ed platby v\u00e1m pr\u00edde potvrdzuj\u00faci email.<\/li>\n<li><strong>Prevod na \u00fa\u010det<\/strong> \u2013 po dokon\u010den\u00ed objedn\u00e1vky v\u00e1m pr\u00edde potvrdzuj\u00faci email s\u00a0platobn\u00fdmi \u00fadajmi (IBAN, variabiln\u00fd symbol, suma). Platbu m\u00f4\u017eete zrealizova\u0165 bu\u010f prostredn\u00edctvom v\u00e1\u0161ho internet bankingu, alebo osobne vkladom na \u00fa\u010det v\u00a0banke.<\/li>\n<li><strong>Osobne na mieste v hotovosti, alebo kartou <\/strong>\u2013 t\u00e1to mo\u017enos\u0165 je dostupn\u00e1 iba ke\u010f si zvol\u00edte osobn\u00e9 vyzdvihnutie odberovej s\u00fapravy.<\/li>\n<\/ul>\n<p>Po objednan\u00ed testu obdr\u017e\u00edte vo v\u0161etk\u00fdch pr\u00edpadoch e-mail s potvrden\u00edm va\u0161ej objedn\u00e1vky.<\/p>\n<h4><strong><u>6. Priebeh testu \u2013 odber, anal\u00fdza<\/u><\/strong><\/h4>\n<p class=\" translation-block\">Vzorka DNA sa v\u00e4\u010d\u0161inou z\u00edskava <strong>sterom z \u00fastnej dutiny<\/strong> alebo z<strong>&nbsp;ne\u0161tandardn\u00e9ho materi\u00e1lu<\/strong>.<br>\r\nSter z \u00fastnej dutiny m\u00f4\u017eete vykona\u0165 sami v pohodl\u00ed svojho domova pomocou odberovej sady, ktor\u00fa \u0161tandardne zasielame spolo\u010dne s pokynmi,&nbsp;n\u00e1vodom na odber a&nbsp;formul\u00e1rom.<\/p>\n<p>Ak nie je mo\u017en\u00e9, z\u00a0d\u00f4vodu nedostupnosti testovanej osoby,\u00a0 vykona\u0165 odber na nami dodan\u00fa odberov\u00fa s\u00fapravu, je mo\u017en\u00e9 pou\u017ei\u0165 in\u00fa z\u00a0dostupn\u00fdch vzoriek alebo predmetov od testovanej osoby &#8211; ne\u0161tandardn\u00fd materi\u00e1l. Anal\u00fdza z\u00a0ne\u0161tandardn\u00e9ho materi\u00e1lu je spoplatnen\u00e1 pod\u013ea platn\u00e9ho cenn\u00edka. Viac inform\u00e1ci\u00ed o\u00a0ne\u0161tandardn\u00fdch materi\u00e1loch n\u00e1jdete tu: <a href=\"https:\/\/dnatest.sk\/hu\/odber-vzorky\/#nestandardny-material\" target=\"_blank\" rel=\"noopener\">https:\/\/dnatest.sk\/odber-vzorky\/#nestandardny-material<\/a><\/p>\n<h4><strong><u>7. V\u00fdsledok \u2013 ako dlho trv\u00e1, kam bude doru\u010den\u00fd<\/u><\/strong><\/h4>\n<p class=\" translation-block\">V\u00fdsledok DNA testu V\u00e1m bude zaslan\u00fd <strong>emailom<\/strong> <strong>najnesk\u00f4r do 5 pracovn\u00fdch dn\u00ed<\/strong> od doru\u010denia vzorky do laborat\u00f3ria a&nbsp;to na emailov\u00fa adresu uveden\u00fa vo va\u0161ej&nbsp;objedn\u00e1vke. Ak si v&nbsp;objedn\u00e1vke vyberiete mo\u017enos\u0165 v\u00fdsledku v&nbsp;tla\u010denej forme, v\u00fdsledok v\u00e1m za\u0161leme po\u0161tou aj na Vami uveden\u00fa adresu.<\/p>\n<p class=\" translation-block\">Ak potrebujete v\u00fdsledok testu sk\u00f4r, je mo\u017en\u00e9 za <strong>expresn\u00fd pr\u00edplatok<\/strong> anal\u00fdzu v na\u0161om laborat\u00f3riu priorizova\u0165 (v\u00fdsledok do 2, alebo do 3 prac. dn\u00ed).<\/p>\n<h4><strong><u>8. Interpret\u00e1cia v\u00fdsledku<\/u><\/strong><\/h4>\n<p class=\" translation-block\"><strong>Otcovstvo vyl\u00fa\u010den\u00e9<\/strong> \u2013 otcovstvo ozna\u010den\u00e9ho mu\u017ea je vyl\u00fa\u010den\u00e9 (v danom syst\u00e9me) vtedy, ak ozna\u010den\u00fd mu\u017e nem\u00e1 ani jednu z dvojice alel, ktor\u00e9 m\u00e1 v danom syst\u00e9me testovan\u00e9 die\u0165a. Vzh\u013eadom na zriedkav\u00fa mo\u017enos\u0165 n\u00e1hodnej dedi\u010dnej zmeny DNA \u2013 mut\u00e1cie, sa otcovstvo poklad\u00e1 za spo\u013eahlivo vyl\u00fa\u010den\u00e9, a\u017e ke\u010f ho vylu\u010duj\u00fa najmenej dva z&nbsp;vy\u0161etren\u00fdch STR syst\u00e9mov.<\/p>\n<p class=\" translation-block\"><strong>Otcovstvo prakticky dok\u00e1zan\u00e9<\/strong> \u2013 ak otcovstvo nie je vyl\u00fa\u010den\u00e9, vypo\u010d\u00edta sa hodnota indexu otcovstva (PI) a pravdepodobnos\u0165 otcovstva (W). Pri dostato\u010dnom po\u010dte vy\u0161etren\u00fdch STR syst\u00e9mov, hrani\u010d\u00ed pravdepodobnos\u0165 otcovstva s istotou \u2013&nbsp;<strong>najmenej 99,999&nbsp;%<\/strong>.<\/p>","protected":false},"excerpt":{"rendered":"<p class=\" translation-block\"><strong>Potrebujete si overi\u0165 otcovstvo? <\/strong>Otestujte biologick\u00fd vz\u0165ah medzi \u00fadajn\u00fdm otcom a die\u0165a\u0165om z pohodlia domova pomocou tohto <strong>anonymn\u00e9ho DNA testu otcovstva EXTRA PLUS <\/strong>ur\u010den\u00e9ho na<strong> s\u00fakromn\u00e9 \u00fa\u010dely <\/strong>v&nbsp;na\u0161om<strong> akreditovanom genetickom laborat\u00f3riu <\/strong>s dlhoro\u010dn\u00fdmi sk\u00fasenos\u0165ami a <strong>najv\u00e4\u010d\u0161\u00edm po\u010dtom vykonan\u00fdch DNA testov<\/strong> otcovstva na Slovensku. Test je mo\u017en\u00e9 vykona\u0165 jednotlivcom v akomko\u013evek veku, od doj\u010diat a\u017e po dospel\u00fdch. DNA test otcovstvo mu\u017ea bu\u010f jednozna\u010dne <strong>vyl\u00fa\u010di <\/strong>(0%)&nbsp;alebo&nbsp;<strong>dok\u00e1\u017ee <\/strong>(na najmenej 99,999 %).<\/p>\n<p><strong><u>Obsah testu:<\/u><\/strong><\/p>\n<p class=\" translation-block\">DNA test v&nbsp;z\u00e1klade zah\u0155\u0148a <strong>odberov\u00fa s\u00fapravu <\/strong>a<strong> anal\u00fdzu 2 vzoriek<\/strong> (mu\u017e a die\u0165a).<\/p>\n<p><strong><u>Odber vzorky:<\/u><\/strong><\/p>\n<p class=\" translation-block\"><strong>Ster z&nbsp;\u00fastnej dutiny<\/strong> (buk\u00e1lny ster) \u2013 pomocou na\u0161ej \u0161peci\u00e1lnej odberovej s\u00fapravy (1 pre testovan\u00e9ho mu\u017ea a 1 pre testovan\u00e9 die\u0165a),<br>\r\nalebo <strong>ne\u0161tandardn\u00fd materi\u00e1l<\/strong>&nbsp; \u2013 ak nie je mo\u017en\u00e9 z\u00edska\u0165 vzorku sterom \u00fastnej dutiny na na\u0161u odberov\u00fa s\u00fapravu.<\/p>\n<p><strong><u>Trvanie testu:<\/u><\/strong><\/p>\n<p class=\" translation-block\">V\u00fdsledok tvor\u00ed<strong> k<\/strong><strong>omplexn\u00e1 v\u00fdsledkov\u00e1 spr\u00e1va s DNA profilmi testovan\u00fdch os\u00f4b<\/strong> a za\u0161leme v\u00e1m ju na email najnesk\u00f4r <strong>do 5 pracovn\u00fdch dn\u00ed <\/strong>od prijatia vzorky do n\u00e1\u0161ho laborat\u00f3ria.<\/p>","protected":false},"featured_media":2445,"template":"","meta":{"inline_featured_image":false},"product_cat":[41],"product_tag":[],"class_list":{"0":"post-2438","1":"product","2":"type-product","3":"status-publish","4":"has-post-thumbnail","6":"product_cat-nezaradene","9":"instock","10":"sale","11":"sold-individually","12":"taxable","13":"shipping-taxable","14":"purchasable","15":"product-type-simple"},"_links":{"self":[{"href":"https:\/\/dnatest.sk\/hu\/wp-json\/wp\/v2\/product\/2438","targetHints":{"allow":["GET"]}}],"collection":[{"href":"https:\/\/dnatest.sk\/hu\/wp-json\/wp\/v2\/product"}],"about":[{"href":"https:\/\/dnatest.sk\/hu\/wp-json\/wp\/v2\/types\/product"}],"wp:featuredmedia":[{"embeddable":true,"href":"https:\/\/dnatest.sk\/hu\/wp-json\/wp\/v2\/media\/2445"}],"wp:attachment":[{"href":"https:\/\/dnatest.sk\/hu\/wp-json\/wp\/v2\/media?parent=2438"}],"wp:term":[{"taxonomy":"product_cat","embeddable":true,"href":"https:\/\/dnatest.sk\/hu\/wp-json\/wp\/v2\/product_cat?post=2438"},{"taxonomy":"product_tag","embeddable":true,"href":"https:\/\/dnatest.sk\/hu\/wp-json\/wp\/v2\/product_tag?post=2438"}],"curies":[{"name":"wp","href":"https:\/\/api.w.org\/{rel}","templated":true}]}}