{"id":6690,"date":"2026-04-09T08:22:14","date_gmt":"2026-04-09T06:22:14","guid":{"rendered":"https:\/\/dnatest.sk\/?page_id=6690"},"modified":"2026-04-09T08:27:21","modified_gmt":"2026-04-09T06:27:21","slug":"ochrana-osobnych-udajov","status":"publish","type":"page","link":"https:\/\/dnatest.sk\/en\/ochrana-osobnych-udajov\/","title":{"rendered":"Privacy Policy"},"content":{"rendered":"<div class=\"tm-row wpb_row vc_row-fluid vc_column-gap-default tm-zindex-0 vc_row container tm-bgimage-position-center_center\">\n\n\t\t\n\t\t\n\t\t\n\n<div class=\"wpb_column tm-column vc_column_container vc_col-sm-12 tm-zindex-0\">\n\t<div class=\"vc_column-inner\">\n\t\t\t\t<div class=\"wpb_wrapper\">\n\t\t\t\n\t<div class=\"wpb_text_column wpb_content_element  vc_custom_1775716037929\" >\n\t\t<div class=\"wpb_wrapper\">\n\t\t\t<div class=\"fw-bold\">\n<p>Ochrana Va\u0161ich osobn\u00fdch \u00fadajov je pre n\u00e1s d\u00f4le\u017eit\u00e1. V pr\u00edpade ak\u00fdchko\u013evek ot\u00e1zok alebo nejasnost\u00ed t\u00fdkaj\u00facich sa ochrany Va\u0161ich osobn\u00fdch \u00fadajov sa m\u00f4\u017eete obr\u00e1ti\u0165 na na\u0161u zodpovedn\u00fa osobu poveren\u00fa doh\u013eadom nad sprac\u00favan\u00edm osobn\u00fdch \u00fadajov v na\u0161ej spolo\u010dnosti, a\u00a0to prostredn\u00edctvom e-mailu:\u00a0<a href=\"mailto:dpo@agel.sk\">dpo@agel.sk<\/a>, alebo po\u0161tou na adrese: DPO, AGEL SSC a. s., Vent\u00farska 1, 811 01 Bratislava \u2013 mestsk\u00e1 \u010das\u0165 Star\u00e9 Mesto.<\/p>\n<p>&nbsp;<\/p>\n<\/div>\n<ul>\n<li><a href=\"https:\/\/dnatest.sk\/wp-content\/uploads\/2026\/04\/agel-gen-zsou-pzs.pdf\">Z\u00e1sady sprac\u00favania osobn\u00fdch \u00fadajov pri poskytovan\u00ed zdravotn\u00edckych slu\u017eieb<\/a><\/li>\n<li><a href=\"https:\/\/dnatest.sk\/wp-content\/uploads\/2026\/04\/agel-gen-kontaktne-formulare.pdf\">Z\u00e1sady sprac\u00favania osobn\u00fdch \u00fadajov pri odoslan\u00ed kontaktn\u00e9ho formul\u00e1ra<\/a><\/li>\n<li><a href=\"https:\/\/dnatest.sk\/wp-content\/uploads\/2026\/04\/agel-gen-vyberove-konanie.pdf\">Z\u00e1sady sprac\u00favania osobn\u00fdch \u00fadajov pri v\u00fdberovom konan\u00ed na vo\u013en\u00fa pracovn\u00fa poz\u00edciu<\/a><\/li>\n<li><a href=\"https:\/\/dnatest.sk\/wp-content\/uploads\/2026\/04\/agel-gen-cookies.pdf\">Podmienky a inform\u00e1cie o sprac\u00favan\u00ed osobn\u00fdch \u00fadajov \u2013 cookies<\/a><\/li>\n<\/ul>\n\n\t\t<\/div>\n\t<\/div>\n\t\t<\/div>\n\t<\/div>\n<\/div>\n\n\n\n\t\t\n\t<\/div>","protected":false},"excerpt":{"rendered":"Ochrana Va\u0161ich osobn\u00fdch \u00fadajov je pre n\u00e1s d\u00f4le\u017eit\u00e1. V pr\u00edpade ak\u00fdchko\u013evek ot\u00e1zok alebo nejasnost\u00ed t\u00fdkaj\u00facich sa ochrany Va\u0161ich osobn\u00fdch \u00fadajov sa m\u00f4\u017eete obr\u00e1ti\u0165 na na\u0161u zodpovedn\u00fa osobu poveren\u00fa doh\u013eadom nad sprac\u00favan\u00edm osobn\u00fdch \u00fadajov v na\u0161ej spolo\u010dnosti, a\u00a0to prostredn\u00edctvom e-mailu:\u00a0dpo@agel.sk, alebo po\u0161tou na adrese: DPO, AGEL SSC a. s., Vent\u00farska 1, 811 01 Bratislava \u2013 mestsk\u00e1 &hellip; <a href=\"https:\/\/dnatest.sk\/en\/ochrana-osobnych-udajov\/\" class=\"more-link\">Continue reading <span class=\"screen-reader-text\">Privacy Policy<\/span><\/a>","protected":false},"author":1,"featured_media":0,"parent":0,"menu_order":0,"comment_status":"closed","ping_status":"closed","template":"","meta":{"inline_featured_image":false,"footnotes":""},"class_list":["post-6690","page","type-page","status-publish","hentry"],"_links":{"self":[{"href":"https:\/\/dnatest.sk\/en\/wp-json\/wp\/v2\/pages\/6690","targetHints":{"allow":["GET"]}}],"collection":[{"href":"https:\/\/dnatest.sk\/en\/wp-json\/wp\/v2\/pages"}],"about":[{"href":"https:\/\/dnatest.sk\/en\/wp-json\/wp\/v2\/types\/page"}],"author":[{"embeddable":true,"href":"https:\/\/dnatest.sk\/en\/wp-json\/wp\/v2\/users\/1"}],"replies":[{"embeddable":true,"href":"https:\/\/dnatest.sk\/en\/wp-json\/wp\/v2\/comments?post=6690"}],"version-history":[{"count":5,"href":"https:\/\/dnatest.sk\/en\/wp-json\/wp\/v2\/pages\/6690\/revisions"}],"predecessor-version":[{"id":6699,"href":"https:\/\/dnatest.sk\/en\/wp-json\/wp\/v2\/pages\/6690\/revisions\/6699"}],"wp:attachment":[{"href":"https:\/\/dnatest.sk\/en\/wp-json\/wp\/v2\/media?parent=6690"}],"curies":[{"name":"wp","href":"https:\/\/api.w.org\/{rel}","templated":true}]}}