{"id":2190,"date":"2021-10-21T01:54:20","date_gmt":"2021-10-20T23:54:20","guid":{"rendered":"https:\/\/dnatest.sk\/?page_id=2190"},"modified":"2024-07-19T09:22:44","modified_gmt":"2024-07-19T07:22:44","slug":"odber-vzorky","status":"publish","type":"page","link":"https:\/\/dnatest.sk\/en\/odber-vzorky\/","title":{"rendered":"Sampling"},"content":{"rendered":"<div class=\"tm-row wpb_row vc_row-fluid vc_custom_1575347765927 vc_column-gap-default tm-zindex-0 vc_row container tm-bgimage-position-center_center\">\n\n\t\t\n\t\t\n\t\t\n\n<div class=\"wpb_column tm-column vc_column_container vc_col-sm-12 tm-zindex-0\">\n\t<div class=\"vc_column-inner\">\n\t\t\t\t<div class=\"wpb_wrapper\">\n\t\t\t<div class=\"tm-element-heading-wrapper tm-heading-inner tm-element-align-left tm-seperator-none tm-heading-style-horizontal\"><section class=\"tm-vc_cta3-container\"><div class=\"tm-vc_general tm-vc_cta3 tm-cta3-only tm-vc_cta3-style-classic tm-vc_cta3-shape-rounded tm-vc_cta3-align-left tm-vc_cta3-color-transparent tm-vc_cta3-icon-size-md tm-vc_cta3-actions-no tm-cta3-without-desc\"><div class=\"tm-vc_cta3_content-container\"><div class=\"tm-vc_cta3-content\"><header class=\"tm-vc_cta3-content-header tm-wrap\"><div class=\"tm-vc_cta3-headers tm-wrap-cell\"><h2 class=\"tm-custom-heading\" >Sampling procedure using the kit<\/h2>\n<\/div><div class=\"heading-seperator\"><span><\/span><\/div><\/header><\/div><\/div><\/div><\/section><\/div> <!-- .tm-element-heading-wrapper container --> \t\t<\/div>\n\t<\/div>\n<\/div>\n\n\n\n\t\t\n\t<\/div>\n\n\n\n\n\n\n\n\n\n\n\n<div class=\"tm-row wpb_row vc_row-fluid vc_custom_1577971178596 vc_column-gap-default break-991-colum tm-zindex-0 vc_row container tm-bgimage-position-center_center\">\n\n\t\t\n\t\t\n\t\t\n\n<div class=\"wpb_column tm-column vc_column_container vc_col-sm-12 tm-zindex-0\">\n\t<div class=\"vc_column-inner\">\n\t\t\t\t<div class=\"wpb_wrapper\">\n\t\t\t\n\t<div class=\"wpb_text_column wpb_content_element\" >\n\t\t<div class=\"wpb_wrapper\">\n\t\t\t<p>1. Do not eat or drink anything for about an hour before the collection, and do not breastfeed the infant for at least half an hour before the collection.<\/p>\n<p>Note: Check and make sure you are using the correct stick.<\/p>\n<p>&nbsp;<\/p>\n<p><strong>Marking of sticks:<\/strong><\/p>\n<p><strong>mother:<\/strong> red<\/p>\n<p class=\" translation-block\"><strong>child:<\/strong> green<\/p>\n<p class=\" translation-block\"><strong>marked man:<\/strong> yellow<\/p>\n<p class=\" translation-block\"><strong>stick for other persons:<\/strong> blue<\/p>\n<p>&nbsp;<\/p>\n<p>2. Open the tube by counter-rotating its two parts along the dashed line; and then pull the part containing the cotton swab stick out of the package.<\/p>\n<p>Note: Always keep only one tube open so that samples cannot be mixed up!<\/p>\n<p>&nbsp;<\/p>\n<p>3. Using repeated up-and-down movements (about 10 times), wipe the surface of the inside of the cheek (in the oral cavity), twisting the wand so that the entire surface of the cotton swab stick is covered with the swab.<\/p>\n<p>Note: The cotton swab must not touch anything else, especially not the hands of another person! However, it does not matter if it touches the teeth or tongue of the sampled person.<\/p>\n<p>&nbsp;<\/p>\n<p>4. Place the stick together with the corresponding tube, e.g. in a jar, and leave to air dry for at least one hour. Make sure no one touches the swab.<\/p>\n<p>Note: If you cannot dry the sample immediately after collection, place it back in the tube and dry it at the earliest opportunity, no later than 4-5 hours after collection. Well-dried samples will last for several weeks, wet ones will quickly deteriorate.<\/p>\n<p>&nbsp;<\/p>\n<p class=\" translation-block\"><strong>Warning:\u00a0<\/strong>In the case of paternity tests, be careful not to confuse the sticks and the corresponding tubes to avoid mixing up samples.<\/p>\n<p>&nbsp;<\/p>\n<p class=\" translation-block\"><strong>Transport:<\/strong>\u00a0possible at room temperature.<\/p>\n<p>&nbsp;<\/p>\n<p><strong>Post-sampling procedure:<\/strong><strong>:<\/strong><\/p>\n<p>1. Take samples on sampling sticks as described above.<\/p>\n<p>2. Please send samples to our address in the enclosed envelope or deliver in person.<\/p>\n<p>3. Pay the price for the test by deposit or transfer to the Tatrabanka account number IBAN SK11 1100 0000 0026 2170 1853, SWIFT TATRSKBX. Please enter the payment identifier, which you will find in the confirmation email after the order has been placed.<\/p>\n<p class=\" translation-block\"><strong>Warning:<\/strong> We cannot identify the payment without the payment identifier. We will not start processing your samples without payment. We will send the invoice after payment is credited to our account.<\/p>\n\n\t\t<\/div>\n\t<\/div>\n\t\t<\/div>\n\t<\/div>\n<\/div>\n\n\n\n\t\t\n\t<\/div>\n\n\n\n\n\n\n\n\n\n\n\n<div id=\"nestandardny-material\" class=\"tm-row wpb_row vc_row-fluid vc_custom_1710512663813 vc_column-gap-default tm-zindex-0 vc_row container tm-bgimage-position-center_center\">\n\n\t\t\n\t\t\n\t\t\n\n<div class=\"wpb_column tm-column vc_column_container vc_col-sm-12 tm-zindex-0\">\n\t<div class=\"vc_column-inner\">\n\t\t\t\t<div class=\"wpb_wrapper\">\n\t\t\t<div class=\"tm-element-heading-wrapper tm-heading-inner tm-element-align-left tm-seperator-none tm-heading-style-horizontal\"><section class=\"tm-vc_cta3-container\"><div class=\"tm-vc_general tm-vc_cta3 tm-cta3-only tm-vc_cta3-style-classic tm-vc_cta3-shape-rounded tm-vc_cta3-align-left tm-vc_cta3-color-transparent tm-vc_cta3-icon-size-md tm-vc_cta3-actions-no tm-cta3-without-desc\"><div class=\"tm-vc_cta3_content-container\"><div class=\"tm-vc_cta3-content\"><header class=\"tm-vc_cta3-content-header tm-wrap\"><div class=\"tm-vc_cta3-headers tm-wrap-cell\"><h2 class=\"tm-custom-heading\" >Non-standard material<\/h2>\n<\/div><div class=\"heading-seperator\"><span><\/span><\/div><\/header><\/div><\/div><\/div><\/section><\/div> <!-- .tm-element-heading-wrapper container --> \t\t<\/div>\n\t<\/div>\n<\/div>\n\n\n\n\t\t\n\t<\/div>\n\n\n\n\n\n\n\n\n\n\n\n<div class=\"tm-row wpb_row vc_row-fluid vc_custom_1577971178596 vc_column-gap-default break-991-colum tm-zindex-0 vc_row container tm-bgimage-position-center_center\">\n\n\t\t\n\t\t\n\t\t\n\n<div class=\"wpb_column tm-column vc_column_container vc_col-sm-12 tm-zindex-0\">\n\t<div class=\"vc_column-inner\">\n\t\t\t\t<div class=\"wpb_wrapper\">\n\t\t\t\n\t<div class=\"wpb_text_column wpb_content_element\" >\n\t\t<div class=\"wpb_wrapper\">\n\t\t\t<p><strong>General principles for non-standard sampling:<\/strong><\/p>\n<p>1. Everything (except chewing gum) needs to be dried thoroughly.<br \/>\n2. Do not touch the part of the material from which the DNA will be extracted.<br \/>\n3. Label the sample - write the case number and status (male, child, mother, etc.) on the package in which the material is sent.<br \/>\n4. We only process non-standard samples for paternity and other relationship tests.<br \/>\n5. When analysing a non-standard sample, the total time can be extended by up to 10 days.<\/p>\n<p class=\" translation-block\"><strong>Unsuitable material for DNA analysis<\/strong>\u00a0(insufficient quality and\/or quantity of DNA, presence of substances preventing analysis, high risk of contamination with another person\u2019s DNA):<br>\n1. hair without clearly visible roots (e.g. cut)<br>\n2. toothbrush used for less than two weeks<br>\n3. used cup, cutlery, straw, teat and similar items<br>\n4. items of clothing without visible biological stains<\/p>\n<p>&nbsp;<\/p>\n<p><strong>Categories of non-standard material:<\/strong><\/p>\n<p>&nbsp;<\/p>\n<p><strong>1. Bloodstains:<\/strong><\/p>\n<p class=\" translation-block\">Procedure: bandage, patch, bloody piece of cloth - dry well<br>\nTransport: in a paper or plastic envelope, at room temperature<br>\nIsolation success rate: 80-90%<\/p>\n<p>&nbsp;<\/p>\n<p><strong>2. Sperm:<\/strong><\/p>\n<p class=\" translation-block\">Procedure: cut out of cloth, if this is not possible, rub the stain with a moistened cotton swab so that the swab soaks up the ejaculate, then dry well<br>\nTransport: in a plastic bag, at room temperature<br>\nIsolation success rate: 80-90%<\/p>\n<p>&nbsp;<\/p>\n<p><strong>3. Swab the mouth on a cotton swab from the drugstore:<\/strong><\/p>\n<p class=\" translation-block\">Procedure: remove the cotton swab from one end, swab the mouth with the other end and dry thoroughly<br>\nTransport: in a plastic bag, at room temperature<br>\nIsolation success rate: 80-90%<\/p>\n<p>&nbsp;<\/p>\n<p><strong>4. Toothbrush:<\/strong><\/p>\n<p>Procedure: at least 2 weeks used, dry; brush will be destroyed<br \/>\nTransport: in a plastic or paper bag, at room temperature<br \/>\nIsolation success rate: 75%<\/p>\n<p>&nbsp;<\/p>\n<p><strong>5. Chewing gum:<\/strong><\/p>\n<p>Procedure: must be chewed for a long time; leave to harden in a plastic bag in the refrigerator<br \/>\nTransport: in a plastic bag, at 6-8\u00b0C<br \/>\nIsolation success rate: 70%<\/p>\n<p>&nbsp;<\/p>\n<p><strong>6. Nasal mucus:<\/strong><\/p>\n<p>Procedure: on a paper handkerchief, dry properly<br \/>\nTransport: in a plastic bag, at room temperature<br \/>\nIsolation success rate: 70%<\/p>\n<p>&nbsp;<\/p>\n<p><strong>7. Cigarette butts:<\/strong><\/p>\n<p>Procedure: 2 to 4 pieces; remove the burnt end<br \/>\nTransport: in a plastic or paper bag, at room temperature<br \/>\nIsolation success rate: 60%<\/p>\n<p>&nbsp;<\/p>\n<p><strong>8. Hair with clearly visible hair roots (\u201cbulbs\u201d):<\/strong><\/p>\n<p>Procedure: at least 2-3 pieces<br \/>\nTransport: in a plastic bag, at room temperature<br \/>\nIsolation success rate: 60%<\/p>\n<p>&nbsp;<\/p>\n<p><strong>9. Nails:<\/strong><\/p>\n<p>Procedure: freshly cut, especially suitable for children\u2019s nails<br \/>\nTransport: in a plastic bag, at room temperature<br \/>\nIsolation success rate: 50-60%<\/p>\n<p>&nbsp;<\/p>\n<p><strong>10. Other biological material<\/strong>\u00a0- Consult us by phone<\/p>\n\n\t\t<\/div>\n\t<\/div>\n\t\t<\/div>\n\t<\/div>\n<\/div>\n\n\n\n\t\t\n\t<\/div>\n\n\n\n\n\n\n\n\n\n\n\n<div data-vc-full-width=\"true\" data-vc-full-width-init=\"false\" class=\"tm-row wpb_row vc_row-fluid vc_custom_1578293100333 tm-responsive-custom-68077352 vc_row-has-fill vc_column-gap-default break-991-colum tm-zindex-0 tm-bgimage-position-center_center tm-bg tm-bgimage-yes\">\n\n\t\t\t<div class=\"tm-row-wrapper-bg-layer tm-bg-layer\"><\/div><!-- ThemetechMount custom DIV added -->\n\t\t\n\t <div class=\"vc_row container\"> \t\n\t\t\n\n<div class=\"wpb_column tm-column vc_column_container vc_col-sm-2 tm-zindex-0\">\n\t<div class=\"vc_column-inner\">\n\t\t\t\t<div class=\"wpb_wrapper\">\n\t\t\t\t\t<\/div>\n\t<\/div>\n<\/div>\n\n\n\n\n\n<div class=\"wpb_column tm-column vc_column_container vc_col-sm-8 tm-zindex-0\">\n\t<div class=\"vc_column-inner\">\n\t\t\t\t<div class=\"wpb_wrapper\">\n\t\t\t<h2 style=\"text-align:center;font-family:'Poppins',Arial,Helvetica;font-weight:700;\" class=\"tm-custom-heading vc_custom_1635278277419\" >Need advice?<\/h2>\n\n<div class=\"wpcf7 no-js\" id=\"wpcf7-f1096-o1\" lang=\"en-US\" dir=\"ltr\">\n<div class=\"screen-reader-response\"><p role=\"status\" aria-live=\"polite\" aria-atomic=\"true\"><\/p> <ul><\/ul><\/div>\n<form action=\"\/en\/wp-json\/wp\/v2\/pages\/2190#wpcf7-f1096-o1\" method=\"post\" class=\"wpcf7-form init\" aria-label=\"Contact form\" novalidate=\"novalidate\" data-status=\"init\" data-trp-original-action=\"\/en\/wp-json\/wp\/v2\/pages\/2190#wpcf7-f1096-o1\">\n<div style=\"display: none;\">\n<input type=\"hidden\" name=\"_wpcf7\" value=\"1096\" \/>\n<input type=\"hidden\" name=\"_wpcf7_version\" value=\"5.9.2\" \/>\n<input type=\"hidden\" name=\"_wpcf7_locale\" value=\"en_US\" \/>\n<input type=\"hidden\" name=\"_wpcf7_unit_tag\" value=\"wpcf7-f1096-o1\" \/>\n<input type=\"hidden\" name=\"_wpcf7_container_post\" value=\"0\" \/>\n<input type=\"hidden\" name=\"_wpcf7_posted_data_hash\" value=\"\" \/>\n<input type=\"hidden\" name=\"_wpcf7_recaptcha_response\" value=\"\" \/>\n<\/div>\n<div class=\"tm-commonform tm-appointment-form\">\n\t<div class=\"row\">\n\t\t<div class=\"col-md-6\">\n\t\t\t<p><span class=\"wpcf7-form-control-wrap\" data-name=\"your-name\"><input size=\"40\" class=\"wpcf7-form-control wpcf7-text wpcf7-validates-as-required\" aria-required=\"true\" aria-invalid=\"false\" placeholder=\"Name*\" value=\"\" type=\"text\" name=\"your-name\" \/><\/span>\n\t\t\t<\/p>\n\t\t<\/div>\n\t\t<div class=\"col-md-6\">\n\t\t\t<p><span class=\"wpcf7-form-control-wrap\" data-name=\"your-phone\"><input size=\"40\" class=\"wpcf7-form-control wpcf7-text\" aria-invalid=\"false\" placeholder=\"Phone\" value=\"\" type=\"text\" name=\"your-phone\" \/><\/span>\n\t\t\t<\/p>\n\t\t<\/div>\n\t<\/div>\n\t<div class=\"row\">\n\t\t<div class=\"col-md-6\">\n\t\t\t<p><span class=\"wpcf7-form-control-wrap\" data-name=\"your-email\"><input size=\"40\" class=\"wpcf7-form-control wpcf7-email wpcf7-validates-as-required wpcf7-text wpcf7-validates-as-email\" aria-required=\"true\" aria-invalid=\"false\" placeholder=\"Email*\" value=\"\" type=\"email\" name=\"your-email\" \/><\/span>\n\t\t\t<\/p>\n\t\t<\/div>\n\t\t<div class=\"col-md-6\">\n\t\t\t<p><span class=\"wpcf7-form-control-wrap\" data-name=\"your-subject\"><input size=\"40\" class=\"wpcf7-form-control wpcf7-text wpcf7-validates-as-required\" aria-required=\"true\" aria-invalid=\"false\" placeholder=\"Subject\" value=\"\" type=\"text\" name=\"your-subject\" \/><\/span>\n\t\t\t<\/p>\n\t\t<\/div>\n\t<\/div>\n\t<div class=\"row\">\n\t\t<div class=\"col-md-12\">\n\t\t\t<p><span class=\"wpcf7-form-control-wrap\" data-name=\"your-message\"><textarea cols=\"40\" rows=\"5\" class=\"wpcf7-form-control wpcf7-textarea wpcf7-validates-as-required\" aria-required=\"true\" aria-invalid=\"false\" placeholder=\"Message\" name=\"your-message\"><\/textarea><\/span>\n\t\t\t<\/p>\n\t\t<\/div>\n\t<\/div>\n\t<div class=\"row\">\n\t\t<div class=\"col-md-12\">\n\t\t\t<p><input class=\"wpcf7-form-control wpcf7-submit has-spinner tm-vc_general tm-vc_btn3 tm-vc_btn3-style-flat tm-vc_btn3-shape-rounded tm-vc_btn3-color-skincolor tm-btn-fullwidth\" type=\"submit\" value=\"Send Message\" \/>\n\t\t\t<div class=\"wpcf7-response-output\" aria-hidden=\"true\"><\/div>\n\t\t<\/div>\n\t<\/div>\n<\/div><input type='hidden' class='wpcf7-pum' value='{\"closepopup\":false,\"closedelay\":0,\"openpopup\":false,\"openpopup_id\":0}' \/>\n<input type=\"hidden\" name=\"trp-form-language\" value=\"en\"\/><\/form>\n<\/div>\n\t\t<\/div>\n\t<\/div>\n<\/div>\n\n\n\n\n\n<div class=\"wpb_column tm-column vc_column_container vc_col-sm-2 tm-zindex-0\">\n\t<div class=\"vc_column-inner\">\n\t\t\t\t<div class=\"wpb_wrapper\">\n\t\t\t\t\t<\/div>\n\t<\/div>\n<\/div>\n\n\n\n\t\t\n\t <\/div> <\/div>\n\n\n<div class=\"vc_row-full-width vc_clearfix\"><\/div>","protected":false},"excerpt":{"rendered":"Postup odberu vzorky pou\u017eit\u00edm zaslanej s\u00fapravy 1. Pred odberom pribli\u017ene hodinu ni\u010d nejes\u0165 a nepi\u0165, takisto doj\u010da nesmie by\u0165 doj\u010den\u00e9 najmenej pol hodiny pred odberom. Pozn\u00e1mka: Skontrolujte a presved\u010dte sa, \u010di pou\u017e\u00edvate spr\u00e1vnu ty\u010dinku. &nbsp; Ozna\u010denie ty\u010diniek: matka: \u010derven\u00e1 die\u0165a: zelen\u00e1 ozna\u010den\u00fd mu\u017e: \u017elt\u00e1 ty\u010dinka pre in\u00e9 osoby: modr\u00e1 &nbsp; 2. Tubu otvorte protismern\u00fdm oto\u010den\u00edm &hellip; <a href=\"https:\/\/dnatest.sk\/en\/odber-vzorky\/\" class=\"more-link\">Continue reading <span class=\"screen-reader-text\">Sampling<\/span><\/a>","protected":false},"author":1,"featured_media":0,"parent":0,"menu_order":11,"comment_status":"closed","ping_status":"closed","template":"","meta":{"inline_featured_image":false,"footnotes":""},"class_list":["post-2190","page","type-page","status-publish","hentry"],"_links":{"self":[{"href":"https:\/\/dnatest.sk\/en\/wp-json\/wp\/v2\/pages\/2190","targetHints":{"allow":["GET"]}}],"collection":[{"href":"https:\/\/dnatest.sk\/en\/wp-json\/wp\/v2\/pages"}],"about":[{"href":"https:\/\/dnatest.sk\/en\/wp-json\/wp\/v2\/types\/page"}],"author":[{"embeddable":true,"href":"https:\/\/dnatest.sk\/en\/wp-json\/wp\/v2\/users\/1"}],"replies":[{"embeddable":true,"href":"https:\/\/dnatest.sk\/en\/wp-json\/wp\/v2\/comments?post=2190"}],"version-history":[{"count":11,"href":"https:\/\/dnatest.sk\/en\/wp-json\/wp\/v2\/pages\/2190\/revisions"}],"predecessor-version":[{"id":4997,"href":"https:\/\/dnatest.sk\/en\/wp-json\/wp\/v2\/pages\/2190\/revisions\/4997"}],"wp:attachment":[{"href":"https:\/\/dnatest.sk\/en\/wp-json\/wp\/v2\/media?parent=2190"}],"curies":[{"name":"wp","href":"https:\/\/api.w.org\/{rel}","templated":true}]}}